{"id":133614,"date":"2025-12-02T20:58:57","date_gmt":"2025-12-02T20:58:57","guid":{"rendered":"https:\/\/fqme.qc.ca\/?page_id=133614"},"modified":"2025-12-02T20:58:58","modified_gmt":"2025-12-02T20:58:58","slug":"guided-adventure-in-the-chic-chocs","status":"publish","type":"page","link":"https:\/\/fqme.qc.ca\/en\/guided-adventure-in-the-chic-chocs\/","title":{"rendered":"Guided Adventure in the Chic-Chocs\u00a0"},"content":{"rendered":"\n<div style=\"height:65px\" aria-hidden=\"true\" class=\"wp-block-spacer\"><\/div>\n\n\n\n<div class=\"wp-block-group has-global-padding is-layout-constrained wp-block-group-is-layout-constrained\">\n<h2 class=\"wp-block-heading\">Guided Adventure in the Chic-Chocs\u00a0<\/h2>\n<\/div>\n\n\n\n<div class=\"wp-block-group has-global-padding is-layout-constrained wp-block-group-is-layout-constrained\"><div class=\"wp-block-paragraph\">\n<p><em>Dreaming of skiing the region\u2019s most iconic peaks but\u00a0not quite ready\u00a0to tackle them on your own?\u00a0<\/em>We\u2019ve\u00a0put together the perfect itinerary\u00a0for you:\u00a0a\u00a0guided outing in the Chic-Chocs with our trusted partners.\u00a0<\/p>\n<\/div>\n\n\n<div style=\"height:25px\" aria-hidden=\"true\" class=\"wp-block-spacer\"><\/div>\n\n\n\n<div class=\"wp-block-group has-surface-grey-disabled-background-color has-background has-global-padding is-layout-constrained wp-block-group-is-layout-constrained\">\n<h5 class=\"wp-block-heading\">At a glance\u00a0<\/h5>\n\n\n\n<div class=\"wp-block-columns is-layout-flex wp-container-core-columns-is-layout-28f84493 wp-block-columns-is-layout-flex\">\n<div class=\"wp-block-column is-layout-flow wp-block-column-is-layout-flow\" style=\"flex-basis:33.33%\"><div class=\"wp-block-paragraph\">\n<p><\/p>\n<\/div>\n\n<div class=\"wp-block-list\">\n<ul class=\"wp-block-list\">\n<li>1 FQME site\u00a0<\/li>\n\n\n\n<li>Exclusive ski sectors\u00a0<\/li>\n\n\n\n<li>2 ski partners\u00a0<\/li>\n\n\n\n<li>Departure from Ottawa:\u00a0<\/li>\n\n\n\n<li>Departure from Montr\u00e9al:\u00a0 8h45, 822km<\/li>\n\n\n\n<li>Departure from Plattsburgh, NY:\u00a0<\/li>\n<\/ul>\n<\/div><\/div>\n\n\n\n<div class=\"wp-block-column is-layout-flow wp-block-column-is-layout-flow\" style=\"flex-basis:66.66%\">\n<figure class=\"wp-block-image size-large is-resized\"><img loading=\"lazy\" decoding=\"async\" width=\"1024\" height=\"607\" src=\"https:\/\/fqme.qc.ca\/app\/uploads\/2025\/11\/Itineraire-Murdochville-1024x607.png\" alt=\"\" class=\"wp-image-133293\" style=\"width:366px;height:auto\" srcset=\"https:\/\/fqme.qc.ca\/app\/uploads\/2025\/11\/Itineraire-Murdochville-1024x607.png 1024w, https:\/\/fqme.qc.ca\/app\/uploads\/2025\/11\/Itineraire-Murdochville-300x178.png 300w, https:\/\/fqme.qc.ca\/app\/uploads\/2025\/11\/Itineraire-Murdochville-768x456.png 768w, https:\/\/fqme.qc.ca\/app\/uploads\/2025\/11\/Itineraire-Murdochville-337x200.png 337w, https:\/\/fqme.qc.ca\/app\/uploads\/2025\/11\/Itineraire-Murdochville-600x356.png 600w, https:\/\/fqme.qc.ca\/app\/uploads\/2025\/11\/Itineraire-Murdochville.png 1450w\" sizes=\"auto, (max-width: 1024px) 100vw, 1024px\" \/><\/figure>\n<\/div>\n<\/div>\n\n\n\n<div class=\"wp-block-buttons is-content-justification-center is-layout-flex wp-container-core-buttons-is-layout-a89b3969 wp-block-buttons-is-layout-flex\">\n<div class=\"wp-block-button\"><a class=\"wp-block-button__link wp-element-button\" href=\"https:\/\/maps.app.goo.gl\/JGcLRFoBAJf63eCu6\" target=\"_blank\" rel=\"noreferrer noopener\">Itin\u00e9raire \u00e0 partir de Qu\u00e9bec<\/a><\/div>\n<\/div>\n<\/div>\n\n\n  <div class=\"route-poudreuse-cta-image-block py-4 lg:py-10 alignwide wp-block-fqme-route-poudreuse-cta-image\">\n    \n<div class=\"component-route-poudreuse-cta-image relative w-full py-4 lg:py-10\">\n\n  <!-- Container -->\n  <div class=\"flex flex-col md:flex-row gap-6 md:gap-10 lg:gap-500 items-center w-full max-w-[1200px] mx-auto px-4 md:px-6 lg:px-4\">\n\n    <!-- Content Section -->\n    <div class=\"flex flex-col gap-4 md:gap-6 lg:gap-8 items-start order-2 flex-1 w-full\">\n\n      <!-- Title -->\n              <div class=\"flex flex-col gap-1 items-start w-full\">\n          <h2 class=\"text-2xl md:text-3xl lg:text-3xl leading-[1.3] md:leading-[1.4] lg:leading-[1.5] text-surface-grey-opposite w-full md:max-w-[480px] lg:max-w-[550px]\">\n            Chic-Chac: Something for Everyone           <\/h2>\n        <\/div>\n      \n      <!-- Description -->\n              <div class=\"flex flex-col w-full md:max-w-[480px] lg:max-w-[550px]\">\n          <p class=\"text-md md:text-lg lg:text-lg leading-[1.5] text-neutral-700\">\n            The Chic-Chac offers a variety of packages and \u00e0-la-carte options to suit every taste, budget, and skill level. Whether you&#039;re looking for a mechanized skiing experience, backcountry touring, or a combo package, you&#039;ll find the perfect fit here. You read that right, you can even try some catskiing on Mt York or go heliskiing! Lodging and equipment rentals are also available at the Chic-Chac on site.           <\/p>\n        <\/div>\n      \n      <!-- Buttons -->\n              <div class=\"flex flex-col sm:flex-row md:flex-row lg:flex-row gap-3 md:gap-4 lg:gap-4 items-stretch sm:items-start md:items-start lg:items-start w-full sm:w-auto md:w-auto lg:w-auto\">\n\n                      <a href=\"https:\/\/chic-chac.com\/en\/packages\/\" target=\"_blank\" class=\"inline-flex items-center justify-center h-10 md:h-11 lg:h-10 px-500 py-2.5 border border-poudreuse-brand-primary-100 text-poudreuse-brand-primary-100 text-sm md:text-md lg:text-md font-bold leading-20 rounded-full hover:bg-poudreuse-brand-primary-100 hover:text-white transition min-w-[144.5px]\" style=\"font-family: 'Rubik', sans-serif;\">\n              Book your stay            <\/a>\n          \n                      <a href=\"https:\/\/chic-chac.com\/en\/\"  class=\"inline-flex items-center justify-center h-10 md:h-11 lg:h-10 px-500 py-2.5 bg-poudreuse-brand-primary-100 text-white text-sm md:text-md lg:text-md font-bold leading-20 rounded-full hover:bg-opacity-90 transition min-w-[144.5px]\" style=\"font-family: 'Rubik', sans-serif;\">\n              Chic-Chac            <\/a>\n          \n        <\/div>\n      \n    <\/div>\n\n    <!-- Image Section -->\n    <div class=\"order-1 shrink-0 w-full md:w-auto\">\n      <div class=\"bg-white border-2 border-winter-brand-secondary rounded-16 md:rounded-24 lg:rounded-32 w-full md:w-[420px] lg:w-[552px] h-[280px] sm:h-[400px] md:h-[420px] lg:h-[552px] overflow-hidden\">\n                  \n<img decoding=\"async\" loading=\"lazy\" \n     class=\"w-full h-full object-cover component-image rounded-[10px]\" \n     alt=\"\"\n     src=\"https:\/\/fqme.qc.ca\/app\/uploads\/2025\/11\/chic-chac_ski.jpg\"\n          srcset=\"https:\/\/fqme.qc.ca\/app\/uploads\/2025\/11\/chic-chac_ski.jpg 1400w, https:\/\/fqme.qc.ca\/app\/uploads\/2025\/11\/chic-chac_ski-300x200.jpg 300w, https:\/\/fqme.qc.ca\/app\/uploads\/2025\/11\/chic-chac_ski-1024x682.jpg 1024w, https:\/\/fqme.qc.ca\/app\/uploads\/2025\/11\/chic-chac_ski-768x512.jpg 768w, https:\/\/fqme.qc.ca\/app\/uploads\/2025\/11\/chic-chac_ski-600x400.jpg 600w\"\n     sizes=\"(max-width: 768px) 100vw, (max-width: 2048px) 50vw, 33vw\"\n               data-sizes=\"(max-width: 1400px) 100vw, 1400px\"\n     \/>              <\/div>\n    <\/div>\n\n  <\/div>\n\n<\/div>\n  <\/div>\n  \n\n  <div class=\"route-poudreuse-cta-image-block py-4 lg:py-10 alignwide wp-block-fqme-route-poudreuse-cta-image\">\n    \n<div class=\"component-route-poudreuse-cta-image relative w-full py-4 lg:py-10\">\n\n  <!-- Container -->\n  <div class=\"flex flex-col md:flex-row gap-6 md:gap-10 lg:gap-500 items-center w-full max-w-[1200px] mx-auto px-4 md:px-6 lg:px-4\">\n\n    <!-- Content Section -->\n    <div class=\"flex flex-col gap-4 md:gap-6 lg:gap-8 items-start order-1 flex-1 w-full\">\n\n      <!-- Title -->\n              <div class=\"flex flex-col gap-1 items-start w-full\">\n          <h2 class=\"text-2xl md:text-3xl lg:text-3xl leading-[1.3] md:leading-[1.4] lg:leading-[1.5] text-surface-grey-opposite w-full md:max-w-[480px] lg:max-w-[550px]\">\n            Mont Porphyre          <\/h2>\n        <\/div>\n      \n      <!-- Description -->\n              <div class=\"flex flex-col w-full md:max-w-[480px] lg:max-w-[550px]\">\n          <p class=\"text-md md:text-lg lg:text-lg leading-[1.5] text-neutral-700\">\n            Located in the heart of the former mining town of Murdochville, Mont Porphyre benefits from generous snowfall and offers terrain perfectly suited for ski touring. The secteur Familial features several beginner and intermediate runs, ideal for getting started. The Daltons sector, steeper and more sustained, features technical lines for experienced skiers. If unfamiliar with backcountry skiing and avalanche terrain, we strongly suggest booking a guide to explore this mountain.           <\/p>\n        <\/div>\n      \n      <!-- Buttons -->\n              <div class=\"flex flex-col sm:flex-row md:flex-row lg:flex-row gap-3 md:gap-4 lg:gap-4 items-stretch sm:items-start md:items-start lg:items-start w-full sm:w-auto md:w-auto lg:w-auto\">\n\n                      <a href=\"https:\/\/fqme.qc.ca\/adherer\/\" target=\"_blank\" class=\"inline-flex items-center justify-center h-10 md:h-11 lg:h-10 px-500 py-2.5 border border-poudreuse-brand-primary-100 text-poudreuse-brand-primary-100 text-sm md:text-md lg:text-md font-bold leading-20 rounded-full hover:bg-poudreuse-brand-primary-100 hover:text-white transition min-w-[144.5px]\" style=\"font-family: 'Rubik', sans-serif;\">\n              Become a member            <\/a>\n          \n                      <a href=\"https:\/\/fqme.qc.ca\/site_ski\/mont-porphyre\/\" target=\"_blank\" class=\"inline-flex items-center justify-center h-10 md:h-11 lg:h-10 px-500 py-2.5 bg-poudreuse-brand-primary-100 text-white text-sm md:text-md lg:text-md font-bold leading-20 rounded-full hover:bg-opacity-90 transition min-w-[144.5px]\" style=\"font-family: 'Rubik', sans-serif;\">\n              Mont Porphyre            <\/a>\n          \n        <\/div>\n      \n    <\/div>\n\n    <!-- Image Section -->\n    <div class=\"order-2 shrink-0 w-full md:w-auto\">\n      <div class=\"bg-white border-2 border-winter-brand-secondary rounded-16 md:rounded-24 lg:rounded-32 w-full md:w-[420px] lg:w-[552px] h-[280px] sm:h-[400px] md:h-[420px] lg:h-[552px] overflow-hidden\">\n                  \n<img decoding=\"async\" loading=\"lazy\" \n     class=\"w-full h-full object-cover component-image rounded-[10px]\" \n     alt=\"mont porphyre\"\n     src=\"https:\/\/fqme.qc.ca\/app\/uploads\/2025\/11\/porphyre.jpg\"\n          srcset=\"https:\/\/fqme.qc.ca\/app\/uploads\/2025\/11\/porphyre.jpg 1024w, https:\/\/fqme.qc.ca\/app\/uploads\/2025\/11\/porphyre-300x225.jpg 300w, https:\/\/fqme.qc.ca\/app\/uploads\/2025\/11\/porphyre-768x576.jpg 768w, https:\/\/fqme.qc.ca\/app\/uploads\/2025\/11\/porphyre-267x200.jpg 267w, https:\/\/fqme.qc.ca\/app\/uploads\/2025\/11\/porphyre-600x450.jpg 600w\"\n     sizes=\"(max-width: 768px) 100vw, (max-width: 2048px) 50vw, 33vw\"\n               data-sizes=\"(max-width: 1024px) 100vw, 1024px\"\n     \/>              <\/div>\n    <\/div>\n\n  <\/div>\n\n<\/div>\n  <\/div>\n  \n\n  <div class=\"route-poudreuse-app-cta-block alignfull wp-block-fqme-route-poudreuse-app-cta\">\n    \n<div class=\"component-route-poudreuse-app-cta relative w-full bg-[#cad4ff] overflow-hidden\" style=\"min-height: 300px;\">\n\n  <!-- Content Container -->\n  <div class=\"absolute left-1\/2 top-1\/2 -translate-x-1\/2 -translate-y-1\/2 w-full px-4\">\n    <div class=\"flex flex-col lg:flex-row items-center justify-center md:justify-between w-full max-w-[1200px] mx-auto gap-6 md:gap-0\">\n\n      <!-- Image - Left Side -->\n      <div class=\"hidden lg:block w-full max-w-[300px] lg:max-w-[500px] md:ml-[5%]\">\n        <img decoding=\"async\"\n          src=\"https:\/\/fqme.qc.ca\/app\/themes\/fqme\/assets\/images\/Image_Cellulaire.png\"\n          alt=\"Application mobile FQME\"\n          class=\"w-full h-auto\"\n        \/>\n      <\/div>\n\n      <!-- Text and CTA Container - Right Side -->\n      <div class=\"flex flex-col items-center gap-4 md:gap-8 w-full max-w-full md:max-w-[552px] lg:ml-auto lg:mr-[10%]\">\n\n        <!-- Title -->\n                  <h3 class=\"text-lg md:text-xl leading-[1.5] text-center text-black px-4\">\n            <p>Plan your backcountry adventures in<\/p>\n<p><span class=\"text-poudreuse-brand-primary-100\">just a few clicks<\/span><\/p>\n          <\/h3>\n        \n        <!-- CTA Buttons Container -->\n        <div class=\"flex flex-col sm:flex-row items-center gap-4 w-full sm:w-auto\">\n          <!-- CTA Button -->\n                      <a href=\"https:\/\/apps.apple.com\/ca\/app\/fqme\/id6739008551\" target=\"_blank\" class=\"flex items-center justify-center h-10 px-500 py-2.5 bg-poudreuse-brand-primary-100 text-white text-md md:text-lg font-bold leading-20 rounded-full hover:bg-opacity-90 transition w-full sm:w-auto\" style=\"font-family: 'Rubik', sans-serif;\">\n              App Store            <\/a>\n          \n          <!-- Secondary CTA Button -->\n                      <a href=\"https:\/\/play.google.com\/store\/apps\/details?id=com.appcom.fqme&#038;pcampaignid=web_share&#038;fbclid=IwY2xjawHzpOBleHRuA2FlbQIxMAABHZWn6vQLqfPSt94I5R_4stqVBER5s5yWhESmTKUVRynZr5Vyhhay3yU2lA_aem_GonRiYhrai9woldcDyc5NA\" target=\"_blank\" class=\"flex items-center justify-center h-10 px-500 py-2.5 border border-poudreuse-brand-primary-100 text-poudreuse-brand-primary-100 text-md\n              md:text-lg font-bold leading-20 rounded-full hover:bg-poudreuse-brand-primary-100 hover:text-white transition w-full sm:w-auto\" style=\"font-family: 'Rubik', sans-serif;\">\n                Google Play              <\/a>\n                  <\/div>\n\n      <\/div>\n\n    <\/div>\n  <\/div>\n\n<\/div>\n  <\/div>\n  \n\n  <div class=\"route-poudreuse-cta-image-block py-4 lg:py-10 alignwide wp-block-fqme-route-poudreuse-cta-image\">\n    \n<div class=\"component-route-poudreuse-cta-image relative w-full py-4 lg:py-10\">\n\n  <!-- Container -->\n  <div class=\"flex flex-col md:flex-row gap-6 md:gap-10 lg:gap-500 items-center w-full max-w-[1200px] mx-auto px-4 md:px-6 lg:px-4\">\n\n    <!-- Content Section -->\n    <div class=\"flex flex-col gap-4 md:gap-6 lg:gap-8 items-start order-2 flex-1 w-full\">\n\n      <!-- Title -->\n              <div class=\"flex flex-col gap-1 items-start w-full\">\n          <h2 class=\"text-2xl md:text-3xl lg:text-3xl leading-[1.3] md:leading-[1.4] lg:leading-[1.5] text-surface-grey-opposite w-full md:max-w-[480px] lg:max-w-[550px]\">\n            Exclusive Terrain with Le Couloir           <\/h2>\n        <\/div>\n      \n      <!-- Description -->\n              <div class=\"flex flex-col w-full md:max-w-[480px] lg:max-w-[550px]\">\n          <p class=\"text-md md:text-lg lg:text-lg leading-[1.5] text-neutral-700\">\n            Le Couloir provides exclusive access to several private backcountry areas in Haute-Gasp\u00e9sie, including Mont-Louis, with its six glades carved into mature forest, and Mont-Saint-Pierre, renowned for its open zones, maple groves, and the iconic couloirs set below icefalls. The organization also holds guiding permits in alpine sectors of Gasp\u00e9sie National Park \u2014 such as Mont Albert, Mont Ernest-Laforce, and Mont Macoun \u2014 as well as in the Chic-Chocs Wildlife Reserve, notably at Hog\u2019s Back, Champ-de-Mars, and Mines Madeleine. These areas offer varied, pristine terrain for an unforgettable backcountry experience.           <\/p>\n        <\/div>\n      \n      <!-- Buttons -->\n              <div class=\"flex flex-col sm:flex-row md:flex-row lg:flex-row gap-3 md:gap-4 lg:gap-4 items-stretch sm:items-start md:items-start lg:items-start w-full sm:w-auto md:w-auto lg:w-auto\">\n\n                      <a href=\"https:\/\/www.lecouloir.ca\/en\/r%C3%A9servations\" target=\"_blank\" class=\"inline-flex items-center justify-center h-10 md:h-11 lg:h-10 px-500 py-2.5 border border-poudreuse-brand-primary-100 text-poudreuse-brand-primary-100 text-sm md:text-md lg:text-md font-bold leading-20 rounded-full hover:bg-poudreuse-brand-primary-100 hover:text-white transition min-w-[144.5px]\" style=\"font-family: 'Rubik', sans-serif;\">\n              Make a reservation            <\/a>\n          \n                      <a href=\"https:\/\/www.lecouloir.ca\/en\/copie-de-domaines-skiables\" target=\"_blank\" class=\"inline-flex items-center justify-center h-10 md:h-11 lg:h-10 px-500 py-2.5 bg-poudreuse-brand-primary-100 text-white text-sm md:text-md lg:text-md font-bold leading-20 rounded-full hover:bg-opacity-90 transition min-w-[144.5px]\" style=\"font-family: 'Rubik', sans-serif;\">\n              Le Couloir            <\/a>\n          \n        <\/div>\n      \n    <\/div>\n\n    <!-- Image Section -->\n    <div class=\"order-1 shrink-0 w-full md:w-auto\">\n      <div class=\"bg-white border-2 border-winter-brand-secondary rounded-16 md:rounded-24 lg:rounded-32 w-full md:w-[420px] lg:w-[552px] h-[280px] sm:h-[400px] md:h-[420px] lg:h-[552px] overflow-hidden\">\n                  \n<img decoding=\"async\" loading=\"lazy\" \n     class=\"w-full h-full object-cover component-image rounded-[10px]\" \n     alt=\"\"\n     src=\"https:\/\/fqme.qc.ca\/app\/uploads\/2025\/11\/le-couloir.avif\"\n          srcset=\"https:\/\/fqme.qc.ca\/app\/uploads\/2025\/11\/le-couloir.avif 962w, https:\/\/fqme.qc.ca\/app\/uploads\/2025\/11\/le-couloir-300x173.avif 300w, https:\/\/fqme.qc.ca\/app\/uploads\/2025\/11\/le-couloir-768x442.avif 768w, https:\/\/fqme.qc.ca\/app\/uploads\/2025\/11\/le-couloir-347x200.avif 347w, https:\/\/fqme.qc.ca\/app\/uploads\/2025\/11\/le-couloir-600x346.avif 600w\"\n     sizes=\"(max-width: 768px) 100vw, (max-width: 2048px) 50vw, 33vw\"\n               data-sizes=\"(max-width: 962px) 100vw, 962px\"\n     \/>              <\/div>\n    <\/div>\n\n  <\/div>\n\n<\/div>\n  <\/div>\n  <\/div>\n\n\n\n<div class=\"wp-block-group has-winter-brand-secondary-background-color has-background has-global-padding is-layout-constrained wp-block-group-is-layout-constrained\"><div class=\"align wp-block-fqme-important-link\">  <div class=\"my-3 relative hover:cursor-pointer rounded-[10px] bg-white border-[1px] border-[solid] border-surface-grey-tertiary-100]\">\n    <div class=\"bg-[url('..\/..\/images\/accordion-winter.svg')] absolute top-0 left-0 bg-contain rounded-tl-[10px] bg-no-repeat h-[55px] w-[25px]\"><\/div>\n    <a  class=\"block font-bold p-10 w-full no-underline hover:underline flex justify-between component-link rounded-[10px] inline-flex items-center gap-2 hover:underline focus:shadow-focus inline-flex items-center gap-2 font-bold hover:underline focus:shadow-focus\" href=\"https:\/\/fqme.qc.ca\/adherer\/\" target=\"_blank\">\n    <span>Membership is required to access FQME ski areas (daily memberships are 15$ and annual 67$). Get your membership today!  <i class=\"ml-2 text-sm fas fa-external-link-alt\"><\/i><\/span>\n<span \n\tclass=\"component-icon icon\"\n\t>\n\t<i class=\"fa-regular fa-circle-arrow-right text-heading-sm text-winter-brand-primary-100\" aria-hidden=\"true\"><\/i>\n\t<span class=\"sr-only\">\n\t\t\t<\/span>\n<\/span>  <\/a>\n    <\/div>\n\n<\/div><\/div>\n","protected":false},"excerpt":{"rendered":"<p>Guided Adventure in the Chic-Chocs\u00a0 Dreaming of skiing the region\u2019s most iconic peaks but\u00a0not quite ready\u00a0to tackle them on your own?\u00a0We\u2019ve\u00a0put together the perfect itinerary\u00a0for you:\u00a0a\u00a0guided outing in the Chic-Chocs with our trusted partners.\u00a0 At a glance\u00a0<\/p>\n","protected":false},"author":34,"featured_media":134811,"parent":0,"menu_order":0,"comment_status":"closed","ping_status":"closed","template":"page-templates\/page-route-poudreuse.php","meta":{"_acf_changed":false,"inline_featured_image":false,"_EventAllDay":false,"_EventTimezone":"","_EventStartDate":"","_EventEndDate":"","_EventStartDateUTC":"","_EventEndDateUTC":"","_EventShowMap":false,"_EventShowMapLink":false,"_EventURL":"","_EventCost":"","_EventCostDescription":"","_EventCurrencySymbol":"","_EventCurrencyCode":"","_EventCurrencyPosition":"","_EventDateTimeSeparator":"","_EventTimeRangeSeparator":"","_EventOrganizerID":[],"_EventVenueID":[],"_OrganizerEmail":"","_OrganizerPhone":"","_OrganizerWebsite":"","_VenueAddress":"","_VenueCity":"","_VenueCountry":"","_VenueProvince":"","_VenueState":"","_VenueZip":"","_VenuePhone":"","_VenueURL":"","_VenueStateProvince":"","_VenueLat":"","_VenueLng":"","_VenueShowMap":false,"_VenueShowMapLink":false,"footnotes":""},"class_list":["post-133614","page","type-page","status-publish","has-post-thumbnail","hentry"],"acf":[],"_links":{"self":[{"href":"https:\/\/fqme.qc.ca\/en\/wp-json\/wp\/v2\/pages\/133614","targetHints":{"allow":["GET"]}}],"collection":[{"href":"https:\/\/fqme.qc.ca\/en\/wp-json\/wp\/v2\/pages"}],"about":[{"href":"https:\/\/fqme.qc.ca\/en\/wp-json\/wp\/v2\/types\/page"}],"author":[{"embeddable":true,"href":"https:\/\/fqme.qc.ca\/en\/wp-json\/wp\/v2\/users\/34"}],"replies":[{"embeddable":true,"href":"https:\/\/fqme.qc.ca\/en\/wp-json\/wp\/v2\/comments?post=133614"}],"version-history":[{"count":2,"href":"https:\/\/fqme.qc.ca\/en\/wp-json\/wp\/v2\/pages\/133614\/revisions"}],"predecessor-version":[{"id":133621,"href":"https:\/\/fqme.qc.ca\/en\/wp-json\/wp\/v2\/pages\/133614\/revisions\/133621"}],"wp:featuredmedia":[{"embeddable":true,"href":"https:\/\/fqme.qc.ca\/en\/wp-json\/wp\/v2\/media\/134811"}],"wp:attachment":[{"href":"https:\/\/fqme.qc.ca\/en\/wp-json\/wp\/v2\/media?parent=133614"}],"curies":[{"name":"wp","href":"https:\/\/api.w.org\/{rel}","templated":true}]}}